{"id":9,"date":"2024-05-03T19:08:32","date_gmt":"2024-05-03T17:08:32","guid":{"rendered":"http:\/\/localhost\/ecole_valansart\/?page_id=9"},"modified":"2024-05-26T18:33:06","modified_gmt":"2024-05-26T16:33:06","slug":"contact","status":"publish","type":"page","link":"https:\/\/ecole-de-valansart.be\/index.php\/contact\/","title":{"rendered":"Contact"},"content":{"rendered":"\n<figure class=\"wp-block-image size-large\"><img loading=\"lazy\" decoding=\"async\" width=\"1024\" height=\"767\" src=\"https:\/\/ecole-de-valansart.be\/wp-content\/uploads\/2024\/05\/ecoledessus-1024x767.jpg\" alt=\"\" class=\"wp-image-50\" srcset=\"https:\/\/ecole-de-valansart.be\/wp-content\/uploads\/2024\/05\/ecoledessus-1024x767.jpg 1024w, https:\/\/ecole-de-valansart.be\/wp-content\/uploads\/2024\/05\/ecoledessus-300x225.jpg 300w, https:\/\/ecole-de-valansart.be\/wp-content\/uploads\/2024\/05\/ecoledessus-768x575.jpg 768w, https:\/\/ecole-de-valansart.be\/wp-content\/uploads\/2024\/05\/ecoledessus-1536x1151.jpg 1536w, https:\/\/ecole-de-valansart.be\/wp-content\/uploads\/2024\/05\/ecoledessus-2048x1535.jpg 2048w\" sizes=\"(max-width: 706px) 89vw, (max-width: 767px) 82vw, 740px\" \/><\/figure>\n\n\n\n<p><strong>\u00c9cole Communale de Valansart : \u00ab Les tournesols \u00bb<\/strong><\/p>\n\n\n\n<div class=\"wp-block-columns is-layout-flex wp-container-core-columns-is-layout-1 wp-block-columns-is-layout-flex\">\n<div class=\"wp-block-column is-layout-flow wp-block-column-is-layout-flow\">\n<p>Rue de la Cateleine, 9<br>6810 VALANSART<\/p>\n\n\n\n<p class=\"has-text-align-left\"><strong><a href=\"https:\/\/www.chiny.be\/\">Commune de Chiny<\/a><\/strong><\/p>\n<\/div>\n\n\n\n<div class=\"wp-block-column is-layout-flow wp-block-column-is-layout-flow\">\n<p><strong>Pour contacter l&rsquo;\u00e9cole:<\/strong><\/p>\n\n\n\n<p><strong>T\u00e9l<\/strong>. : 061\/32 98 88<\/p>\n\n\n\n<p><strong>Mail<\/strong> : contact@ecole-de-valansart.be<\/p>\n\n\n\n<p><strong>Pour contacter la direction:<\/strong><\/p>\n\n\n\n<p><strong>GSM:<\/strong> 0471\/40 52 65<\/p>\n\n\n\n<p><strong>Mail<\/strong>: ecolechiny@mail.com<\/p>\n<\/div>\n<\/div>\n\n\n\n<h4 class=\"wp-block-heading\">Horaires&nbsp;:<\/h4>\n\n\n\n<p>Accueil extra-scolaire de 7h00 \u00e0 8h15 et de 16h \u00e0 18h00 (le mercredi de 11h45 \u00e0 12h45)<\/p>\n\n\n\n<figure class=\"wp-block-table\"><table><tbody><tr><td>Horaire<\/td><td>Lundi<\/td><td>Mardi<\/td><td>Mercredi<\/td><td>Jeudi<\/td><td>Vendredi<\/td><\/tr><tr><td>Matin<\/td><td>8h30\u201312h10<\/td><td>8h30\u201312h10<\/td><td>8h30\u201311h30<\/td><td>8h30\u201312h10<\/td><td>8h30\u201312h10<\/td><\/tr><tr><td>Apr\u00e8s-midi<\/td><td>13h30-15h20<\/td><td>13h30-15h20<\/td><td>&nbsp;<\/td><td>13h30-15h20<\/td><td>13h30-15h20<\/td><\/tr><\/tbody><\/table><\/figure>\n\n\n\n<div id=\"sbs-openstreetmap-block-152c2c5a-164f-4ac8-b79f-d3ea81082795\" class=\"wp-block-stepbyteservice-openstreetmap sbs_openstreetmap_module\" data-map-style=\"OpenStreetMap.DE\" data-zoom=\"16\" data-ctrl-mouse-zoom=\"false\" data-latitude=\"52.4679888\" data-longitude=\"13.3257928\" data-routing=\"false\" data-destination-marker=\"-1\" data-router=\"osrmv1\" data-show-attribution=\"false\" data-geocoder=\"nominatim\" data-center-marker=\"0\" data-marker-list=\"[{&quot;marker_source&quot;:&quot;address&quot;,&quot;marker_address&quot;:&quot;7 rue de la cateleine 6810 valansart belgique&quot;,&quot;marker_latitude&quot;:&quot;52.4679888&quot;,&quot;marker_longitude&quot;:&quot;13.3257928&quot;,&quot;marker_center&quot;:&quot;true&quot;,&quot;marker_icon&quot;:&quot;&quot;,&quot;marker_color&quot;:&quot;red&quot;}]\"><div class=\"sbs_openstreetmap_container\" style=\"padding-bottom:50%\"><\/div><\/div>\n","protected":false},"excerpt":{"rendered":"<p>\u00c9cole Communale de Valansart : \u00ab Les tournesols \u00bb Rue de la Cateleine, 96810 VALANSART Commune de Chiny Pour contacter l&rsquo;\u00e9cole: T\u00e9l. : 061\/32 98 88 Mail : contact@ecole-de-valansart.be Pour contacter la direction: GSM: 0471\/40 52 65 Mail: ecolechiny@mail.com Horaires&nbsp;: Accueil extra-scolaire de 7h00 \u00e0 8h15 et de 16h \u00e0 18h00 (le mercredi de 11h45 &hellip; <\/p>\n<p class=\"link-more\"><a href=\"https:\/\/ecole-de-valansart.be\/index.php\/contact\/\" class=\"more-link\">Continuer la lecture<span class=\"screen-reader-text\"> de &laquo;&nbsp;Contact&nbsp;&raquo;<\/span><\/a><\/p>\n","protected":false},"author":1,"featured_media":0,"parent":0,"menu_order":0,"comment_status":"closed","ping_status":"closed","template":"","meta":{"footnotes":""},"_links":{"self":[{"href":"https:\/\/ecole-de-valansart.be\/index.php\/wp-json\/wp\/v2\/pages\/9"}],"collection":[{"href":"https:\/\/ecole-de-valansart.be\/index.php\/wp-json\/wp\/v2\/pages"}],"about":[{"href":"https:\/\/ecole-de-valansart.be\/index.php\/wp-json\/wp\/v2\/types\/page"}],"author":[{"embeddable":true,"href":"https:\/\/ecole-de-valansart.be\/index.php\/wp-json\/wp\/v2\/users\/1"}],"replies":[{"embeddable":true,"href":"https:\/\/ecole-de-valansart.be\/index.php\/wp-json\/wp\/v2\/comments?post=9"}],"version-history":[{"count":17,"href":"https:\/\/ecole-de-valansart.be\/index.php\/wp-json\/wp\/v2\/pages\/9\/revisions"}],"predecessor-version":[{"id":241,"href":"https:\/\/ecole-de-valansart.be\/index.php\/wp-json\/wp\/v2\/pages\/9\/revisions\/241"}],"wp:attachment":[{"href":"https:\/\/ecole-de-valansart.be\/index.php\/wp-json\/wp\/v2\/media?parent=9"}],"curies":[{"name":"wp","href":"https:\/\/api.w.org\/{rel}","templated":true}]}}