{"id":7,"date":"2024-05-03T19:08:32","date_gmt":"2024-05-03T17:08:32","guid":{"rendered":"http:\/\/localhost\/ecole_valansart\/?page_id=7"},"modified":"2024-05-06T11:59:28","modified_gmt":"2024-05-06T09:59:28","slug":"accueil","status":"publish","type":"page","link":"https:\/\/ecole-de-valansart.be\/","title":{"rendered":"Bienvenue sur le site de l\u2019\u00e9cole communale de Valansart \u00ab\u00a0Les Tournesols\u00a0\u00bb."},"content":{"rendered":"\n<p>Notre \u00e9cole fondamentale dynamique et accueillante offre un environnement d&rsquo;apprentissage stimulant et bienveillant aux enfants de la maternelle \u00e0 la sixi\u00e8me primaire.<\/p>\n\n\n\n<p><br>Notre \u00e9cole est id\u00e9alement situ\u00e9e pr\u00e8s du centre du village de Valansart tout en restant \u00e0 proximit\u00e9 des champs, des for\u00eats et des \u00e9tangs. Ce qui permet des sorties r\u00e9guli\u00e8res dans la nature.<\/p>\n\n\n\n<figure class=\"wp-block-image size-full is-resized\"><img loading=\"lazy\" decoding=\"async\" width=\"493\" height=\"530\" src=\"https:\/\/ecole-de-valansart.be\/wp-content\/uploads\/2024\/05\/IMG_9721-Valansart-recreation-b-e1714842093973.jpg\" alt=\"\" class=\"wp-image-53\" style=\"width:673px;height:auto\" srcset=\"https:\/\/ecole-de-valansart.be\/wp-content\/uploads\/2024\/05\/IMG_9721-Valansart-recreation-b-e1714842093973.jpg 493w, https:\/\/ecole-de-valansart.be\/wp-content\/uploads\/2024\/05\/IMG_9721-Valansart-recreation-b-e1714842093973-279x300.jpg 279w\" sizes=\"(max-width: 493px) 100vw, 493px\" \/><\/figure>\n","protected":false},"excerpt":{"rendered":"<p>Notre \u00e9cole fondamentale dynamique et accueillante offre un environnement d&rsquo;apprentissage stimulant et bienveillant aux enfants de la maternelle \u00e0 la sixi\u00e8me primaire. Notre \u00e9cole est id\u00e9alement situ\u00e9e pr\u00e8s du centre du village de Valansart tout en restant \u00e0 proximit\u00e9 des champs, des for\u00eats et des \u00e9tangs. Ce qui permet des sorties r\u00e9guli\u00e8res dans la nature.<\/p>\n","protected":false},"author":1,"featured_media":97,"parent":0,"menu_order":0,"comment_status":"closed","ping_status":"closed","template":"","meta":{"footnotes":""},"_links":{"self":[{"href":"https:\/\/ecole-de-valansart.be\/index.php\/wp-json\/wp\/v2\/pages\/7"}],"collection":[{"href":"https:\/\/ecole-de-valansart.be\/index.php\/wp-json\/wp\/v2\/pages"}],"about":[{"href":"https:\/\/ecole-de-valansart.be\/index.php\/wp-json\/wp\/v2\/types\/page"}],"author":[{"embeddable":true,"href":"https:\/\/ecole-de-valansart.be\/index.php\/wp-json\/wp\/v2\/users\/1"}],"replies":[{"embeddable":true,"href":"https:\/\/ecole-de-valansart.be\/index.php\/wp-json\/wp\/v2\/comments?post=7"}],"version-history":[{"count":3,"href":"https:\/\/ecole-de-valansart.be\/index.php\/wp-json\/wp\/v2\/pages\/7\/revisions"}],"predecessor-version":[{"id":96,"href":"https:\/\/ecole-de-valansart.be\/index.php\/wp-json\/wp\/v2\/pages\/7\/revisions\/96"}],"wp:featuredmedia":[{"embeddable":true,"href":"https:\/\/ecole-de-valansart.be\/index.php\/wp-json\/wp\/v2\/media\/97"}],"wp:attachment":[{"href":"https:\/\/ecole-de-valansart.be\/index.php\/wp-json\/wp\/v2\/media?parent=7"}],"curies":[{"name":"wp","href":"https:\/\/api.w.org\/{rel}","templated":true}]}}