{"id":131,"date":"2024-05-06T15:57:03","date_gmt":"2024-05-06T13:57:03","guid":{"rendered":"http:\/\/localhost\/ecole_valansart\/?page_id=131"},"modified":"2024-05-26T18:22:58","modified_gmt":"2024-05-26T16:22:58","slug":"notre-etablissement-un-cadre-de-vie-bienveillant-et-stimulant-pour-votre-enfant","status":"publish","type":"page","link":"https:\/\/ecole-de-valansart.be\/index.php\/notre-etablissement-un-cadre-de-vie-bienveillant-et-stimulant-pour-votre-enfant\/","title":{"rendered":"Notre \u00e9tablissement : un cadre de vie bienveillant et stimulant pour votre enfant"},"content":{"rendered":"\n<p>Notre \u00e9cole accueille vos enfants dans un environnement chaleureux et s\u00e9curisant o\u00f9 l&rsquo;\u00e9panouissement et la r\u00e9ussite de chaque \u00e9l\u00e8ve sont au c\u0153ur de nos pr\u00e9occupations. Notre projet d&rsquo;\u00e9tablissement et notre r\u00e8glement d&rsquo;ordre int\u00e9rieur d\u00e9finissent les valeurs et les principes qui guident notre action quotidienne pour offrir \u00e0 vos enfants une scolarit\u00e9 riche et harmonieuse.<\/p>\n\n\n\n<h2 class=\"wp-block-heading\">Un projet d&rsquo;\u00e9tablissement attach\u00e9 aux valeurs de notre \u00e9cole<\/h2>\n\n\n\n<p>Notre projet d&rsquo;\u00e9tablissement est un document officiel qui d\u00e9finit les objectifs p\u00e9dagogiques et les actions prioritaires de notre \u00e9cole afin de guider nos enseignants dans leur travail. Il s&rsquo;articule autour de la personnalisation des apprentissages, le d\u00e9veloppement du bien-\u00eatre et du vivre ensemble et  louverture de l&rsquo;\u00e9cole sur le monde et particuli\u00e8rement sur la nature, la culture et les nouvelles technologies.<\/p>\n\n\n\n<p><a href=\"https:\/\/ecole-de-valansart.be\/index.php\/projet-detablissement-ecole-communale-fondamentale-de-valansart\/\" data-type=\"page\" data-id=\"129\">Le projet d&rsquo;\u00e9tablissement<\/a><\/p>\n\n\n\n<h2 class=\"wp-block-heading\">Un r\u00e8glement d&rsquo;ordre int\u00e9rieur clair et respectueux<\/h2>\n\n\n\n<p>Notre r\u00e8glement d&rsquo;ordre int\u00e9rieur d\u00e9finit les r\u00e8gles de vie commune au sein de l&rsquo;\u00e9cole. Il vise \u00e0 garantir la s\u00e9curit\u00e9 et le bien-\u00eatre de tous les \u00e9l\u00e8ves, tout en favorisant un climat scolaire propice aux apprentissages. Ce r\u00e8glement est \u00e9labor\u00e9 en concertation avec l&rsquo;ensemble de la communaut\u00e9 \u00e9ducative et fait l&rsquo;objet d&rsquo;une communication r\u00e9guli\u00e8re aupr\u00e8s des parents.<\/p>\n\n\n\n<p><a href=\"https:\/\/ecole-de-valansart.be\/index.php\/reglement-dordre-interieur\/\" data-type=\"page\" data-id=\"129\">Le r\u00e8glement d&rsquo;ordre int\u00e9rieur<\/a><\/p>\n","protected":false},"excerpt":{"rendered":"<p>Notre \u00e9cole accueille vos enfants dans un environnement chaleureux et s\u00e9curisant o\u00f9 l&rsquo;\u00e9panouissement et la r\u00e9ussite de chaque \u00e9l\u00e8ve sont au c\u0153ur de nos pr\u00e9occupations. Notre projet d&rsquo;\u00e9tablissement et notre r\u00e8glement d&rsquo;ordre int\u00e9rieur d\u00e9finissent les valeurs et les principes qui guident notre action quotidienne pour offrir \u00e0 vos enfants une scolarit\u00e9 riche et harmonieuse. Un &hellip; <\/p>\n<p class=\"link-more\"><a href=\"https:\/\/ecole-de-valansart.be\/index.php\/notre-etablissement-un-cadre-de-vie-bienveillant-et-stimulant-pour-votre-enfant\/\" class=\"more-link\">Continuer la lecture<span class=\"screen-reader-text\"> de &laquo;&nbsp;Notre \u00e9tablissement : un cadre de vie bienveillant et stimulant pour votre enfant&nbsp;&raquo;<\/span><\/a><\/p>\n","protected":false},"author":1,"featured_media":0,"parent":0,"menu_order":0,"comment_status":"closed","ping_status":"closed","template":"","meta":{"footnotes":""},"_links":{"self":[{"href":"https:\/\/ecole-de-valansart.be\/index.php\/wp-json\/wp\/v2\/pages\/131"}],"collection":[{"href":"https:\/\/ecole-de-valansart.be\/index.php\/wp-json\/wp\/v2\/pages"}],"about":[{"href":"https:\/\/ecole-de-valansart.be\/index.php\/wp-json\/wp\/v2\/types\/page"}],"author":[{"embeddable":true,"href":"https:\/\/ecole-de-valansart.be\/index.php\/wp-json\/wp\/v2\/users\/1"}],"replies":[{"embeddable":true,"href":"https:\/\/ecole-de-valansart.be\/index.php\/wp-json\/wp\/v2\/comments?post=131"}],"version-history":[{"count":2,"href":"https:\/\/ecole-de-valansart.be\/index.php\/wp-json\/wp\/v2\/pages\/131\/revisions"}],"predecessor-version":[{"id":238,"href":"https:\/\/ecole-de-valansart.be\/index.php\/wp-json\/wp\/v2\/pages\/131\/revisions\/238"}],"wp:attachment":[{"href":"https:\/\/ecole-de-valansart.be\/index.php\/wp-json\/wp\/v2\/media?parent=131"}],"curies":[{"name":"wp","href":"https:\/\/api.w.org\/{rel}","templated":true}]}}