{"id":129,"date":"2024-05-06T15:36:32","date_gmt":"2024-05-06T13:36:32","guid":{"rendered":"http:\/\/localhost\/ecole_valansart\/?page_id=129"},"modified":"2024-05-06T15:36:32","modified_gmt":"2024-05-06T13:36:32","slug":"reglement-dordre-interieur","status":"publish","type":"page","link":"https:\/\/ecole-de-valansart.be\/index.php\/reglement-dordre-interieur\/","title":{"rendered":"R\u00e8glement d\u2019ordre int\u00e9rieur"},"content":{"rendered":"\n<p>Afin de s\u2019inscrire dans un processus de formation dont la finalit\u00e9 est de permettre \u00e0 l\u2019enfant d\u2019aujourd\u2019hui d\u2019\u00eatre l\u2019adulte de demain, l\u2019\u00e9cole doit organiser, avec ses diff\u00e9rents intervenants, les conditions de la vie commune pour que&nbsp;:<\/p>\n\n\n\n<ul>\n<li>chacun y trouve un cadre de vie favorable au travail et \u00e0 l\u2019\u00e9panouissement\u00a0;<\/li>\n\n\n\n<li>chacun puisse faire siennes des lois fondamentales qui r\u00e8glent les relations entre les personnes et la vie en soci\u00e9t\u00e9\u00a0;<\/li>\n\n\n\n<li>chacun puisse apprendre \u00e0 d\u00e9velopper des projets de groupes\u00a0;<\/li>\n\n\n\n<li>chacun soit assur\u00e9 de m\u00eames chances de r\u00e9ussite\u00a0;<\/li>\n<\/ul>\n\n\n\n<p>Ceci suppose que soient d\u00e9finies certaines r\u00e8gles qui permettent \u00e0 chacun de se situer.<br>Elles sont \u00e0 mettre en r\u00e9sonance avec les projets \u00e9ducatifs et p\u00e9dagogiques de l\u2019\u00e9tablissement.<br><\/p>\n\n\n\n<p>Le Pouvoir Organisateur, la direction de l&rsquo;\u00e9cole et les \u00e9quipes \u00e9ducatives mettent tout en \u0153uvre pour assurer un enseignement de qualit\u00e9 dispens\u00e9 dans un environnement agr\u00e9able et s\u00e9curisant.<\/p>\n\n\n\n<p>Par son inscription dans notre \u00e9cole, l&rsquo;\u00e9l\u00e8ve et ses parents acceptent le projet \u00e9ducatif, p\u00e9dagogique, le projet d&rsquo;\u00e9tablissement, le r\u00e8glement d&rsquo;ordre int\u00e9rieur et le r\u00e8glement des \u00e9tudes.<\/p>\n\n\n\n<h2 class=\"wp-block-heading\">Ouverture et fermeture des \u00e9coles.<\/h2>\n\n\n\n<p>Le matin : de 8h30 \u00e0 12h10<br>L&rsquo;apr\u00e8s-midi : de 13h30 \u00e0 15h20<br>Temps de midi : de 12h10 \u00e0 13h30<br><\/p>\n\n\n\n<p>Les \u00e9l\u00e8ves en obligation scolaire sont tenus d&rsquo;arriver \u00e0 l&rsquo;\u00e9cole entre 8h15 et 8h30. En cas de retard, un justificatif \u00e9crit doit \u00eatre fourni.<br>En nous basant sur l\u2019article 75 du d\u00e9cret Mission, nous vous informons que les parents n\u2019ont pas acc\u00e8s aux \u00e9tablissements sauf autorisation expresse de la direction. Ceci afin de respecter les apprentissages et le bon d\u00e9roulement de la journ\u00e9e.<br>En classe maternelle, les parents seront attentifs \u00e0 ne pas rester plus que le temps n\u00e9cessaire \u00e0 leur propre enfant.<br>Les enfants ne fr\u00e9quentant pas la garderie sont admis 15 minutes avant la reprise des cours, soit \u00e0 partir de 8h15 et de 13h15. En dehors de cet horaire, ils ne sont ni couverts par l\u2019assurance ni surveiller.<br>Les parents ne peuvent \u00ab\u00a0rendre visite\u00a0\u00bb \u00e0 leur enfant en classe ou pendant les r\u00e9cr\u00e9ations.<br>Si un \u00e9l\u00e8ve doit quitter l\u2019\u00e9cole pendant la journ\u00e9e (exceptionnellement), le responsable notifiera ce d\u00e9part dans le journal de classe et signera le mot de sortie aupr\u00e8s de l\u2019enseignant.<\/p>\n\n\n\n<h2 class=\"wp-block-heading\">Entr\u00e9es et sorties<\/h2>\n\n\n\n<p><br>Les parents des enfants qui rentrent seuls, \u00e0 pied ou \u00e0 v\u00e9lo, doivent remettre un \u00e9crit confirmant leur autorisation en d\u00e9but d&rsquo;ann\u00e9e (si c&rsquo;est pour toute l&rsquo;ann\u00e9e) ou dans le journal de classe (si c&rsquo;est occasionnel). Ces enfants sont couverts par l&rsquo;assurance de l&rsquo;\u00e9cole pour autant qu&rsquo;ils rentrent directement et par le chemin le plus direct.<br>Les enfants qui ne sont pas pris en charge par un parent ou un adulte mandat\u00e9 durant les 10 minutes apr\u00e8s la fin des cours rejoindront le local de l&rsquo;accueil extrascolaire.<br>Aucun enfant ne peut quitter l&rsquo;\u00e9tablissement sans avoir averti au pr\u00e9alable la personne pr\u00e9pos\u00e9e \u00e0 la surveillance (mot des parents).<br>Si une personne tierce r\u00e9cup\u00e8re l\u2019enfant, ceci sera notifi\u00e9 par \u00e9crit dans le journal de classe ou aupr\u00e8s des institutrices maternelles.<br>Nous demandons aux adultes de venir chercher l\u2019enfant devant la barri\u00e8re. Ceci afin d\u2019\u00e9viter tout risque pour l\u2019enfant.<br>Une fois remis \u00e0 leurs parents, les enfants sont sous la responsabilit\u00e9 des parents (\u00e9viter que les enfants ne montent sur les murs, grilles, jeux etc.). En cas d\u2019accident, l\u2019\u00e9cole ou les enseignantes ne pourront \u00eatre tenues pour responsable.<br>Il est interdit de fumer aux abords de l\u2019\u00e9cole.<br>Pour l\u2019implantation de Valansart\u00a0: Nous demandons aux conducteurs d\u2019aborder ma rue de ma Cateleine dans le sens de rotation d\u2019une montre. Prendre en face de chez Collard pour sortir en face de chez Lagrange. Cet itin\u00e9raire \u00e9vite les croisements et les marches-arri\u00e8res, sources de danger.<br>Veillez \u00e0 laisser l\u2019acc\u00e8s au parking libre. <\/p>\n\n\n\n<h2 class=\"wp-block-heading\">Absences<\/h2>\n\n\n\n<p>Pour l&rsquo;enfant en obligation scolaire (\u00e0 partir de la 3\u00e8me maternelle), les absences doivent \u00eatre signal\u00e9es le premier jour au titulaire de la classe fr\u00e9quent\u00e9e (voir le n\u00b0 de t\u00e9l\u00e9phone de l&rsquo;implantation)<br>Toute absence ou retard doit \u00eatre justifi\u00e9 par \u00e9crit, les cours d\u2019\u00e9ducation physique compris. Au-del\u00e0 de 3 jours, le certificat m\u00e9dical est obligatoire d\u00e8s le lendemain du jour de reprise (d\u00e8s la 3\u00e8me maternelle). Si les d\u00e9lais ne sont pas respect\u00e9s, l\u2019absence sera consid\u00e9r\u00e9e comme injustifi\u00e9s.<br>Les justifications pour vacances ou week-end avanc\u00e9s ou prolong\u00e9s, ne sont pas admises par la loi.<br>En cas d&rsquo;absences r\u00e9p\u00e9t\u00e9es et injustifi\u00e9es, le Service du contr\u00f4le de l\u2019obligation scolaire sera averti afin de permettre \u00e0 l\u2019Administration d\u2019op\u00e9rer un suivi dans les plus brefs d\u00e9lais.<br>Les cours d&rsquo;\u00e9ducation physique et natation sont obligatoires. Une non fr\u00e9quentation doit \u00eatre justifi\u00e9e par un certificat m\u00e9dical ou exceptionnellement par un mot des parents.<\/p>\n\n\n\n<ol start=\"6\"><\/ol>\n\n\n\n<h2 class=\"wp-block-heading\">Maladie<\/h2>\n\n\n\n<p>Les enfants malades ne sont pas admis \u00e0 l\u2019\u00e9cole.<br>L&rsquo;administration de m\u00e9dicaments n&rsquo;est pas autoris\u00e9e sauf dans des cas exceptionnels et sur pr\u00e9sentation de la posologie exacte r\u00e9dig\u00e9e par un m\u00e9decin.<br>En cas de suspicion de maladie, le personnel est autoris\u00e9 \u00e0 appeler le(s) responsable(s) de l\u2019enfant. Celui-ci mettra tout en \u0153uvre pour que l\u2019enfant soit rapidement pris en charge.<\/p>\n\n\n\n<h2 class=\"wp-block-heading\">Journal de classe<\/h2>\n\n\n\n<p>Le journal de classe et les messages \u00e9crits en maternel sont le moyen de communication le plus pratique et le plus officiel.<\/p>\n\n\n\n<p>Les parents veilleront \u00e0 s&rsquo;informer quotidiennement des communications par le biais du journal de classe, des fardes facteurs, des cahiers, des devoirs, des mots de communication, des konectos, etc.<\/p>\n\n\n\n<p>Le journal de classe doit \u00eatre sign\u00e9 chaque jour par la personne responsable de l\u2019enfant.<\/p>\n\n\n\n<h2 class=\"wp-block-heading\">Difficult\u00e9s \u2013 conflits<\/h2>\n\n\n\n<p>Lorsqu\u2019une difficult\u00e9 appara\u00eet, il est souhaitable de solliciter une entrevue avec l\u2019enseignant. Cela peut se faire \u00e0 la sortie des classes mais si cette entrevue devait prendre un certain temps, il est pr\u00e9f\u00e9rable de demander un rendez-vous via le journal de classe ou par message \u00e9crit.<\/p>\n\n\n\n<p>Pour faciliter les conditions de travail, les parents ne seront admis qu\u2019exceptionnellement en classe primaire.<\/p>\n\n\n\n<p>Les parents ne pourront en aucun cas intervenir dans les conflits entre les enfants. Une fois la porte ou la grille franchie, les enfants sont sous la responsabilit\u00e9 des enseignants et\/ou des surveillants.<br>De m\u00eame, aucune intervention envers un autre enfant ne sera tol\u00e9r\u00e9e aux abords de l\u2019\u00e9cole.<\/p>\n\n\n\n<h2 class=\"wp-block-heading\">Mat\u00e9riels<\/h2>\n\n\n\n<p>V\u00eatements, bijoux, montres, lunettes ou autres mat\u00e9riels personnels ne sont pas couverts en cas de vol, perte ou d\u00e9gradation.<\/p>\n\n\n\n<p>Les divers objets (gourdes, boite \u00e0 tartines, \u00e9charpe, manteau, etc.) seront nomm\u00e9s. En aucun cas le personnel ne peut \u00eatre tenu comme responsable en cas de perte ou de mauvaise manipulation des objets personnels.<\/p>\n\n\n\n<p>Tout mat\u00e9riel \u00e9lectronique ou num\u00e9rique est interdit.<br>Les sodas, chips, chewing-gums sont interdits.<\/p>\n\n\n\n<p>Les enfants sont tenus d\u2019\u00eatre et de porter des v\u00eatements propres, d\u00e9cents et corrects. L\u2019enseignant sera \u00e0 m\u00eame de juger de cela. En cas de litige, la direction tranchera.<\/p>\n\n\n\n<p>Les enfants qui ne respectent pas le mat\u00e9riel seront contraints de le rembourser ou de le r\u00e9parer.<\/p>\n\n\n\n<p>Chaque enfant doit disposer de ses affaires (cahiers de classe, journal de classe, tenue sportive, plumier en ordre, etc). Les parents veilleront \u00e0 les nommer et \u00e0 les remplacer le cas \u00e9ch\u00e9ant.<\/p>\n\n\n\n<p>Respects.<br>Le manque de politesse et de respect ne sont pas tol\u00e9r\u00e9s.<br>Le vocabulaire utilis\u00e9 doit \u00eatre correct.<br>Les \u00e9l\u00e8ves devront avoir, en tous lieux, une conduite irr\u00e9prochable et \u00eatre respectueux envers toutes les personnes qui travaillent dans l\u2019\u00e9tablissement.<br>Toute forme de violence verbale ou non verbale est interdite et sera sanctionn\u00e9e.<\/p>\n\n\n\n<p>Le respect de l\u2019environnement est une valeur d\u00e9fendue dans notre \u00e9cole. Aucun manquement \u00e0 ce sujet ne sera tol\u00e9r\u00e9.<br>Chacun est tenu de d\u00e9poser ses d\u00e9chets dans les poubelles appropri\u00e9es.<\/p>\n\n\n\n<h2 class=\"wp-block-heading\">Sanctions<\/h2>\n\n\n\n<ol start=\"11\"><\/ol>\n\n\n\n<p>Les parents restent responsables des d\u00e9gradations volontaires caus\u00e9es par leur enfant aux biens d&rsquo;autrui ou aux locaux et \u00e0 leur mobilier.<\/p>\n\n\n\n<p>Tout manquement \u00e0 ce pr\u00e9sent r\u00e8glement entrainera des sanctions.<br>Celles-ci seront proportionnelles \u00e0 l\u2019\u00e2ge de l\u2019\u00e9l\u00e8ve, \u00e0 la nature de l\u2019acte r\u00e9pr\u00e9hensibles et aux ant\u00e9c\u00e9dents.<br>La direction peut prononcer les sanctions suivantes&nbsp;:<br>\u2022 l\u2019avertissement dans le journal de classe \u00e0 faire signer par les parents&nbsp;;<br>\u2022 le travail suppl\u00e9mentaire&nbsp;;<br>\u2022 la r\u00e9paration mat\u00e9rielle ou morale&nbsp;;<br>\u2022 l\u2019exclusion temporaire de la classe pour un cours ou pour la journ\u00e9e&nbsp;;<br>\u2022 l\u2019exclusion temporaire pour quelques jours.<br>Pour des faits plus graves, la direction s&rsquo;appuiera sur la circulaire minist\u00e9rielle du 27 ao\u00fbt 1997 et du d\u00e9cret du 12 juillet 2001 concernant les sanctions \u00e0 prendre.<br>On entend par fautes graves&nbsp;:<br>\u2022 tout coup et blessure port\u00e9 sciemment sur un \u00e9l\u00e8ve ou un membre du personnel de l\u2019\u00e9tablissement&nbsp;;<br>\u2022 le fait d\u2019exercer sciemment et de mani\u00e8re r\u00e9p\u00e9t\u00e9e sur un autre \u00e9l\u00e8ve ou membre du personnel de l\u2019\u00e9tablissement une pression psychologique insupportable, par menaces, insultes, injures, calomnies ou diffamation&nbsp;;<br>\u2022 le racket \u00e0 l\u2019encontre d\u2019un autre \u00e9l\u00e8ve de l\u2019\u00e9tablissement&nbsp;;<br>\u2022 tout acte de violence sexuelle \u00e0 l\u2019encontre d\u2019un \u00e9l\u00e8ve ou d\u2019un membre du personnel de l\u2019\u00e9tablissement&nbsp;;<br>\u2022 la d\u00e9tention ou l\u2019usage d\u2019une arme.<br>Dans ce dernier cas, toutes les personnes int\u00e9ress\u00e9es seront entendues.<\/p>\n\n\n\n<ul><\/ul>\n","protected":false},"excerpt":{"rendered":"<p>Afin de s\u2019inscrire dans un processus de formation dont la finalit\u00e9 est de permettre \u00e0 l\u2019enfant d\u2019aujourd\u2019hui d\u2019\u00eatre l\u2019adulte de demain, l\u2019\u00e9cole doit organiser, avec ses diff\u00e9rents intervenants, les conditions de la vie commune pour que&nbsp;: Ceci suppose que soient d\u00e9finies certaines r\u00e8gles qui permettent \u00e0 chacun de se situer.Elles sont \u00e0 mettre en r\u00e9sonance &hellip; <\/p>\n<p class=\"link-more\"><a href=\"https:\/\/ecole-de-valansart.be\/index.php\/reglement-dordre-interieur\/\" class=\"more-link\">Continuer la lecture<span class=\"screen-reader-text\"> de &laquo;&nbsp;R\u00e8glement d\u2019ordre int\u00e9rieur&nbsp;&raquo;<\/span><\/a><\/p>\n","protected":false},"author":1,"featured_media":0,"parent":0,"menu_order":0,"comment_status":"closed","ping_status":"closed","template":"","meta":{"footnotes":""},"_links":{"self":[{"href":"https:\/\/ecole-de-valansart.be\/index.php\/wp-json\/wp\/v2\/pages\/129"}],"collection":[{"href":"https:\/\/ecole-de-valansart.be\/index.php\/wp-json\/wp\/v2\/pages"}],"about":[{"href":"https:\/\/ecole-de-valansart.be\/index.php\/wp-json\/wp\/v2\/types\/page"}],"author":[{"embeddable":true,"href":"https:\/\/ecole-de-valansart.be\/index.php\/wp-json\/wp\/v2\/users\/1"}],"replies":[{"embeddable":true,"href":"https:\/\/ecole-de-valansart.be\/index.php\/wp-json\/wp\/v2\/comments?post=129"}],"version-history":[{"count":1,"href":"https:\/\/ecole-de-valansart.be\/index.php\/wp-json\/wp\/v2\/pages\/129\/revisions"}],"predecessor-version":[{"id":130,"href":"https:\/\/ecole-de-valansart.be\/index.php\/wp-json\/wp\/v2\/pages\/129\/revisions\/130"}],"wp:attachment":[{"href":"https:\/\/ecole-de-valansart.be\/index.php\/wp-json\/wp\/v2\/media?parent=129"}],"curies":[{"name":"wp","href":"https:\/\/api.w.org\/{rel}","templated":true}]}}